{"id":105,"date":"2020-08-15T16:26:25","date_gmt":"2020-08-15T14:26:25","guid":{"rendered":"http:\/\/www.cafe-baer.de\/?page_id=105"},"modified":"2020-12-12T18:22:35","modified_gmt":"2020-12-12T17:22:35","slug":"unser-cafe","status":"publish","type":"page","link":"http:\/\/www.cafe-baer.de\/?page_id=105","title":{"rendered":"Unser Caf\u00e9"},"content":{"rendered":"\n<p>Die im Jahre 1923 von Georg B\u00e4r gegr\u00fcndete Konditorei wurde 1959 von Robert und Christa Stoeber \u00fcbernommen, anschlie\u00dfend von Christian Stoeber fortgef\u00fchrt und wird mittlerweile mit Unterst\u00fctzung der dritten Generation durch Lea Stoeber betrieben. <\/p>\n\n\n\n<div id=\"metaslider-id-1056\" style=\"width: 100%; margin: 0 auto;\" class=\"ml-slider-3-108-0 metaslider metaslider-flex metaslider-1056 ml-slider has-dots-nav has-carousel-mode ms-theme-simply-dark\" role=\"region\" aria-label=\"UnserCafeUebersicht\" data-height=\"200\" data-width=\"250\">\n    <div id=\"metaslider_container_1056\">\n        <div id=\"metaslider_1056\" class=\"flexslider\">\n            <ul class='slides'>\n                <li style=\"display: none; width: 100%;\" class=\"slide-1062 ms-image \" aria-roledescription=\"slide\" data-date=\"2020-08-19 11:14:53\" data-filename=\"alt_karte_g-250x200.jpg\" data-slide-type=\"image\"><img loading=\"lazy\" decoding=\"async\" src=\"http:\/\/www.cafe-baer.de\/wp-content\/uploads\/2020\/08\/alt_karte_g-250x200.jpg\" height=\"200\" width=\"250\" alt=\"\" class=\"slider-1056 slide-1062 msDefaultImage\" title=\"alt_karte_g\" \/><\/li>\n                <li style=\"display: none; width: 100%;\" class=\"slide-1069 ms-image \" aria-roledescription=\"slide\" data-date=\"2020-08-19 11:14:53\" data-filename=\"kuchentheke_g-250x200.jpg\" data-slide-type=\"image\"><img loading=\"lazy\" decoding=\"async\" src=\"http:\/\/www.cafe-baer.de\/wp-content\/uploads\/2020\/08\/kuchentheke_g-250x200.jpg\" height=\"200\" width=\"250\" alt=\"\" class=\"slider-1056 slide-1069 msDefaultImage\" title=\"User comments\" \/><\/li>\n                <li style=\"display: none; width: 100%;\" class=\"slide-1064 ms-image \" aria-roledescription=\"slide\" data-date=\"2020-08-19 11:14:53\" data-filename=\"aussenbereich_g-250x200.jpg\" data-slide-type=\"image\"><img loading=\"lazy\" decoding=\"async\" src=\"http:\/\/www.cafe-baer.de\/wp-content\/uploads\/2020\/08\/aussenbereich_g-250x200.jpg\" height=\"200\" width=\"250\" alt=\"\" class=\"slider-1056 slide-1064 msDefaultImage\" title=\"aussenbereich_g\" \/><\/li>\n                <li style=\"display: none; width: 100%;\" class=\"slide-1067 ms-image \" aria-roledescription=\"slide\" data-date=\"2020-08-19 11:14:53\" data-filename=\"kuchen02_g-1-250x200.jpg\" data-slide-type=\"image\"><img loading=\"lazy\" decoding=\"async\" src=\"http:\/\/www.cafe-baer.de\/wp-content\/uploads\/2020\/08\/kuchen02_g-1-250x200.jpg\" height=\"200\" width=\"250\" alt=\"\" class=\"slider-1056 slide-1067 msDefaultImage\" title=\"kuchen02_g\" \/><\/li>\n                <li style=\"display: none; width: 100%;\" class=\"slide-1063 ms-image \" aria-roledescription=\"slide\" data-date=\"2020-08-19 11:14:53\" data-filename=\"aussenansicht_g-250x200.jpg\" data-slide-type=\"image\"><img loading=\"lazy\" decoding=\"async\" src=\"http:\/\/www.cafe-baer.de\/wp-content\/uploads\/2020\/08\/aussenansicht_g-250x200.jpg\" height=\"200\" width=\"250\" alt=\"\" class=\"slider-1056 slide-1063 msDefaultImage\" title=\"aussenansicht_g\" \/><\/li>\n                <li style=\"display: none; width: 100%;\" class=\"slide-1068 ms-image \" aria-roledescription=\"slide\" data-date=\"2020-08-19 11:14:53\" data-filename=\"kuchen01_e-250x200.jpg\" data-slide-type=\"image\"><img loading=\"lazy\" decoding=\"async\" src=\"http:\/\/www.cafe-baer.de\/wp-content\/uploads\/2020\/08\/kuchen01_e-250x200.jpg\" height=\"200\" width=\"250\" alt=\"\" class=\"slider-1056 slide-1068 msDefaultImage\" title=\"kuchen01_e\" \/><\/li>\n                <li style=\"display: none; width: 100%;\" class=\"slide-1065 ms-image \" aria-roledescription=\"slide\" data-date=\"2020-08-19 11:14:53\" data-filename=\"innenbereich_g-250x200.jpg\" data-slide-type=\"image\"><img loading=\"lazy\" decoding=\"async\" src=\"http:\/\/www.cafe-baer.de\/wp-content\/uploads\/2020\/08\/innenbereich_g-250x200.jpg\" height=\"200\" width=\"250\" alt=\"\" class=\"slider-1056 slide-1065 msDefaultImage\" title=\"innenbereich_g\" \/><\/li>\n                <li style=\"display: none; width: 100%;\" class=\"slide-1066 ms-image \" aria-roledescription=\"slide\" data-date=\"2020-08-19 11:14:53\" data-filename=\"neu_karte_g-250x200.jpg\" data-slide-type=\"image\"><img loading=\"lazy\" decoding=\"async\" src=\"http:\/\/www.cafe-baer.de\/wp-content\/uploads\/2020\/08\/neu_karte_g-250x200.jpg\" height=\"200\" width=\"250\" alt=\"\" class=\"slider-1056 slide-1066 msDefaultImage\" title=\"neu_karte_g\" \/><\/li>\n            <\/ul>\n        <\/div>\n        \n    <\/div>\n<\/div>\n\n\n\n<div style=\"height:58px\" aria-hidden=\"true\" class=\"wp-block-spacer\"><\/div>\n\n\n\n<div class=\"wp-block-advgb-video advgb-video-block full-width\" data-video=\"http:\/\/www.cafe-baer.de\/wp-content\/uploads\/2020\/12\/Baumkuchenfilm.mp4\" data-source=\"local\" data-video-attr=\"controls,playsinline\" data-video-preload=\"metadata\"><div class=\"advgb-video-wrapper full-width no-lightbox\"><video class=\"full-width\" height=\"450\" controls preload=\"metadata\" playsinline><source src=\"http:\/\/www.cafe-baer.de\/wp-content\/uploads\/2020\/12\/Baumkuchenfilm.mp4\"\/>Your browser does not support HTML5 video.<\/video><\/div><\/div>\n\n\n\n<p>So macht man einen Baumkuchen.<\/p>\n\n\n\n<p>Neben einer reichhaltigen Kuchentheke erwarten Sie bei uns Pralinen, Schokoladen und immer aktuelle saisonale Produkte f\u00fcr jeden Anlass.<\/p>\n\n\n\n<ul><li>Geburtstag<\/li><li>Taufe<\/li><li>Hochzeit<\/li><li>Firmenjubil\u00e4um<\/li><li>&#8230;<\/li><\/ul>\n\n\n\n<p>F\u00fcr weitere Anregungen schauen Sie sich doch einfach ein paar unserer Produkte an, oder nehmen Sie <a href=\"http:\/\/www.cafe-baer.de\/?page_id=1108\" target=\"_blank\" rel=\"noreferrer noopener\">Kontakt <\/a>mit uns auf.<\/p>\n\n\n\n<div style=\"height:50px\" aria-hidden=\"true\" class=\"wp-block-spacer\"><\/div>\n","protected":false},"excerpt":{"rendered":"<p>Die im Jahre 1923 von Georg B\u00e4r gegr\u00fcndete Konditorei wurde 1959 von Robert und Christa Stoeber \u00fcbernommen, anschlie\u00dfend von Christian Stoeber fortgef\u00fchrt und wird mittlerweile mit Unterst\u00fctzung der dritten Generation durch Lea Stoeber betrieben. So macht man einen Baumkuchen. Neben einer reichhaltigen Kuchentheke erwarten Sie bei uns Pralinen, Schokoladen und [&hellip;]<\/p>\n","protected":false},"author":1,"featured_media":0,"parent":0,"menu_order":0,"comment_status":"closed","ping_status":"closed","template":"","meta":{"advgb_blocks_editor_width":"","advgb_blocks_columns_visual_guide":"","footnotes":""},"coauthors":[],"author_meta":{"author_link":"http:\/\/www.cafe-baer.de\/?author=1","display_name":"Niklas"},"relative_dates":{"created":"Posted 6\u00a0Jahren ago","modified":"Updated 5\u00a0Jahren ago"},"absolute_dates":{"created":"Posted on 15. August 2020","modified":"Updated on 12. Dezember 2020"},"absolute_dates_time":{"created":"Posted on 15. August 2020 16:26","modified":"Updated on 12. Dezember 2020 18:22"},"featured_img_caption":"","featured_img":false,"series_order":"","_links":{"self":[{"href":"http:\/\/www.cafe-baer.de\/index.php?rest_route=\/wp\/v2\/pages\/105"}],"collection":[{"href":"http:\/\/www.cafe-baer.de\/index.php?rest_route=\/wp\/v2\/pages"}],"about":[{"href":"http:\/\/www.cafe-baer.de\/index.php?rest_route=\/wp\/v2\/types\/page"}],"author":[{"embeddable":true,"href":"http:\/\/www.cafe-baer.de\/index.php?rest_route=\/wp\/v2\/users\/1"}],"replies":[{"embeddable":true,"href":"http:\/\/www.cafe-baer.de\/index.php?rest_route=%2Fwp%2Fv2%2Fcomments&post=105"}],"version-history":[{"count":23,"href":"http:\/\/www.cafe-baer.de\/index.php?rest_route=\/wp\/v2\/pages\/105\/revisions"}],"predecessor-version":[{"id":1431,"href":"http:\/\/www.cafe-baer.de\/index.php?rest_route=\/wp\/v2\/pages\/105\/revisions\/1431"}],"wp:attachment":[{"href":"http:\/\/www.cafe-baer.de\/index.php?rest_route=%2Fwp%2Fv2%2Fmedia&parent=105"}],"curies":[{"name":"wp","href":"https:\/\/api.w.org\/{rel}","templated":true}]}}