{"id":279,"date":"2021-04-19T17:19:19","date_gmt":"2021-04-19T15:19:19","guid":{"rendered":"http:\/\/www.cafe-baer.de\/?page_id=279"},"modified":"2021-04-19T18:13:21","modified_gmt":"2021-04-19T16:13:21","slug":"fruehstueck","status":"publish","type":"page","link":"http:\/\/www.cafe-baer.de\/?page_id=279","title":{"rendered":"Fr\u00fchst\u00fcck"},"content":{"rendered":"\n<p>F\u00fcr ein gem\u00fctliches Fr\u00fchst\u00fcck Zuhause bieten wir auf Vorbestellung unterschiedliche Fr\u00fchst\u00fccke an. <\/p>\n\n\n\n<script type=\"text\/javascript\">\r\ndocument.addEventListener(\"DOMContentLoaded\", function(event) { \r\n\tjQuery( '#slider-pro-3-1488' ).sliderPro({\r\n\t\t\/\/width\r\n\t\t\t\twidth: 399,\r\n\t\t\t\t\r\n\t\t\/\/height\r\n\t\t\t\theight: 532,\r\n\t\t\t\t\r\n\t\t\/\/auto play\r\n\t\t\t\t\t\tautoplay: true,\r\n\t\tautoplayOnHover: 'pause',\r\n\t\t\t\t\t\tautoplayDelay: 5000,\r\n\t\t\r\n\t\t\r\n\t\tarrows: true,\r\n\t\tbuttons: true,\r\n\t\tsmallSize: 500,\r\n\t\tmediumSize: 1000,\r\n\t\tlargeSize: 3000,\r\n\t\tfade: true,\r\n\t\t\r\n\t\t\/\/thumbnail\r\n\t\tthumbnailArrows: true,\r\n\t\tthumbnailWidth: 120,\r\n\t\tthumbnailHeight: 120,\r\n\t\t\t\tthumbnailsPosition: 'top',\r\n\t\t\t\t\t\t\t\tcenterImage: true,\r\n\t\timageScaleMode: 'cover',\r\n\t\tallowScaleUp: true,\r\n\t\t\t\tstartSlide: 0,\r\n\t\tloop: true,\r\n\t\tslideDistance: 10,\r\n\t\tautoplayDirection: 'normal',\r\n\t\ttouchSwipe: true,\r\n\t\tfullScreen: true,\r\n\t});\r\n});\r\n<\/script>\r\n\r\n\t\t<div id=\"slider-pro-3-1488\" class=\"slider-pro\">\r\n\t\t\t<!---- slides div start ---->\r\n\t\t\t<div class=\"sp-slides\">\r\n\t\t\t\t\t\t\t\t\t\t<div class=\"sp-slide\">\r\n\t\t\t\t\t\t\t<img decoding=\"async\" class=\"sp-image\" loading=\"lazy\" alt=\"Gemischtes Fr\u00fchst\u00fcck f\u00fcr 2\" src=\"http:\/\/www.cafe-baer.de\/wp-content\/plugins\/ultimate-responsive-image-slider\/assets\/css\/images\/blank.gif\" data-src=\"http:\/\/www.cafe-baer.de\/wp-content\/uploads\/2021\/04\/Fruehstueck-to-go-gemischt-2-Personen.jpeg\" \/>\r\n\r\n\t\t\t\t\t\t\t\r\n\t\t\t\t\t\t\t\t\t\t\t\t\t\t<p class=\"sp-layer sp-black sp-padding desc-in desc-in-bg hide-medium-screen\"\r\n\t\t\t\t\t\t\t\tdata-position=\"bottomCenter\"\r\n\t\t\t\t\t\t\t\tdata-vertical=\"0%\"\r\n\t\t\t\t\t\t\t\tdata-show-transition=\"right\" data-show-delay=\"500\">\r\n\t\t\t\t\t\t\t\tgemischt\t\t\t\t\t\t\t<\/p>\r\n\t\t\t\t\t\t\t\t\t\t\t\t\t<\/div>\r\n\t\t\t\t\t\t\t\t\t\t\t\t<div class=\"sp-slide\">\r\n\t\t\t\t\t\t\t<img decoding=\"async\" class=\"sp-image\" loading=\"lazy\" alt=\"Gemischtes Fr\u00fchst\u00fcck f\u00fcr 2\" src=\"http:\/\/www.cafe-baer.de\/wp-content\/plugins\/ultimate-responsive-image-slider\/assets\/css\/images\/blank.gif\" data-src=\"http:\/\/www.cafe-baer.de\/wp-content\/uploads\/2021\/04\/gemischt-fuer-2-Personen.jpeg\" \/>\r\n\r\n\t\t\t\t\t\t\t\r\n\t\t\t\t\t\t\t\t\t\t\t\t\t\t<p class=\"sp-layer sp-black sp-padding desc-in desc-in-bg hide-medium-screen\"\r\n\t\t\t\t\t\t\t\tdata-position=\"bottomCenter\"\r\n\t\t\t\t\t\t\t\tdata-vertical=\"0%\"\r\n\t\t\t\t\t\t\t\tdata-show-transition=\"right\" data-show-delay=\"500\">\r\n\t\t\t\t\t\t\t\tgemischt\t\t\t\t\t\t\t<\/p>\r\n\t\t\t\t\t\t\t\t\t\t\t\t\t<\/div>\r\n\t\t\t\t\t\t\t\t\t\t\t\t<div class=\"sp-slide\">\r\n\t\t\t\t\t\t\t<img decoding=\"async\" class=\"sp-image\" loading=\"lazy\" alt=\"Mediterranes Fr\u00fchst\u00fcck f\u00fcr 2\" src=\"http:\/\/www.cafe-baer.de\/wp-content\/plugins\/ultimate-responsive-image-slider\/assets\/css\/images\/blank.gif\" data-src=\"http:\/\/www.cafe-baer.de\/wp-content\/uploads\/2021\/04\/Medi-2-Personen.jpeg\" \/>\r\n\r\n\t\t\t\t\t\t\t\r\n\t\t\t\t\t\t\t\t\t\t\t\t\t\t<p class=\"sp-layer sp-black sp-padding desc-in desc-in-bg hide-medium-screen\"\r\n\t\t\t\t\t\t\t\tdata-position=\"bottomCenter\"\r\n\t\t\t\t\t\t\t\tdata-vertical=\"0%\"\r\n\t\t\t\t\t\t\t\tdata-show-transition=\"right\" data-show-delay=\"500\">\r\n\t\t\t\t\t\t\t\tmediterran\t\t\t\t\t\t\t<\/p>\r\n\t\t\t\t\t\t\t\t\t\t\t\t\t<\/div>\r\n\t\t\t\t\t\t\t\t\t\t\t\t<div class=\"sp-slide\">\r\n\t\t\t\t\t\t\t<img decoding=\"async\" class=\"sp-image\" loading=\"lazy\" alt=\"Mediterranes Fr\u00fchst\u00fcck\" src=\"http:\/\/www.cafe-baer.de\/wp-content\/plugins\/ultimate-responsive-image-slider\/assets\/css\/images\/blank.gif\" data-src=\"http:\/\/www.cafe-baer.de\/wp-content\/uploads\/2021\/04\/medi-2Personen.jpeg\" \/>\r\n\r\n\t\t\t\t\t\t\t\r\n\t\t\t\t\t\t\t\t\t\t\t\t\t\t<p class=\"sp-layer sp-black sp-padding desc-in desc-in-bg hide-medium-screen\"\r\n\t\t\t\t\t\t\t\tdata-position=\"bottomCenter\"\r\n\t\t\t\t\t\t\t\tdata-vertical=\"0%\"\r\n\t\t\t\t\t\t\t\tdata-show-transition=\"right\" data-show-delay=\"500\">\r\n\t\t\t\t\t\t\t\tmediterran\t\t\t\t\t\t\t<\/p>\r\n\t\t\t\t\t\t\t\t\t\t\t\t\t<\/div>\r\n\t\t\t\t\t\t\t\t\t<\/div>\r\n\t\t\t\r\n\t\t\t<!---- slides div end ---->\r\n\t\t\t\t\t\t<!-- slides thumbnails div start -->\r\n\t\t\t<div class=\"sp-thumbnails\">\r\n\t\t\t\t\t\t\t\t\t\t<img decoding=\"async\" class=\"sp-thumbnail\" loading=\"lazy\" src=\"http:\/\/www.cafe-baer.de\/wp-content\/plugins\/ultimate-responsive-image-slider\/assets\/img\/loading.gif\" data-src=\"http:\/\/www.cafe-baer.de\/wp-content\/uploads\/2021\/04\/Fruehstueck-to-go-gemischt-2-Personen-247x300.jpeg\" alt=\"Gemischtes Fr\u00fchst\u00fcck f\u00fcr 2\"\/>\r\n\t\t\t\t\t\t\t\t\t\t\t<img decoding=\"async\" class=\"sp-thumbnail\" loading=\"lazy\" src=\"http:\/\/www.cafe-baer.de\/wp-content\/plugins\/ultimate-responsive-image-slider\/assets\/img\/loading.gif\" data-src=\"http:\/\/www.cafe-baer.de\/wp-content\/uploads\/2021\/04\/gemischt-fuer-2-Personen-252x300.jpeg\" alt=\"Gemischtes Fr\u00fchst\u00fcck f\u00fcr 2\"\/>\r\n\t\t\t\t\t\t\t\t\t\t\t<img decoding=\"async\" class=\"sp-thumbnail\" loading=\"lazy\" src=\"http:\/\/www.cafe-baer.de\/wp-content\/plugins\/ultimate-responsive-image-slider\/assets\/img\/loading.gif\" data-src=\"http:\/\/www.cafe-baer.de\/wp-content\/uploads\/2021\/04\/Medi-2-Personen-300x286.jpeg\" alt=\"Mediterranes Fr\u00fchst\u00fcck f\u00fcr 2\"\/>\r\n\t\t\t\t\t\t\t\t\t\t\t<img decoding=\"async\" class=\"sp-thumbnail\" loading=\"lazy\" src=\"http:\/\/www.cafe-baer.de\/wp-content\/plugins\/ultimate-responsive-image-slider\/assets\/img\/loading.gif\" data-src=\"http:\/\/www.cafe-baer.de\/wp-content\/uploads\/2021\/04\/medi-2Personen-233x300.jpeg\" alt=\"Mediterranes Fr\u00fchst\u00fcck\"\/>\r\n\t\t\t\t\t\t\t\t<\/div>\r\n\t\t\t\t\t\t<!-- slides thumbnails div end -->\r\n\t\t<\/div>\r\n\t\t<style>\r\n\/* Layout 3 *\/\r\n\/* border *\/\r\n#slider-pro-3-1488 .sp-selected-thumbnail {\r\n\tborder: 4px solid #000000;\r\n}\r\n\r\n\/* font + color *\/\r\n.title-in  {\r\n\tfont-family: Open Sans !important;\r\n\tcolor: #FFFFFF !important;\r\n\tbackground-color: #000000 !important;\r\n\topacity: 0.7 !important;\r\n}\r\n.desc-in  {\r\n\tfont-family: Open Sans !important;\r\n\tcolor: #FFFFFF !important;\r\n\tbackground-color: #00000 !important;\r\n\topacity: 0.7 !important;\r\n}\r\n\r\n\/* bullets color *\/\r\n.sp-button  {\r\n\tborder: 2px solid #000000 !important;\r\n}\r\n.sp-selected-button  {\r\n\tbackground-color: #000000 !important;\r\n}\r\n\r\n\/* pointer color - bottom *\/\r\n\r\n\/* pointer color - top *\/\r\n\r\n.sp-top-thumbnails.sp-has-pointer .sp-selected-thumbnail::before {\r\n    border-bottom: 5px solid #000000;\r\n}\r\n.sp-top-thumbnails.sp-has-pointer .sp-selected-thumbnail::after {\r\n    border-top: 13px solid #000000 !important;\r\n}\r\n\r\n\/* full screen icon *\/\r\n.sp-full-screen-button::before {\r\n    color: #FFFFFF !important;\r\n}\r\n\r\n\/* hover navigation icon color *\/\r\n.sp-next-arrow::after, .sp-next-arrow::before {\r\n\tbackground-color: #FFFFFF !important;\r\n}\r\n.sp-previous-arrow::after, .sp-previous-arrow::before {\r\n\tbackground-color: #FFFFFF !important;\r\n}\r\n\r\n#slider-pro-3-1488 .title-in {\r\n\tcolor: #FFFFFF !important;\r\n\tfont-weight: bolder;\r\n\ttext-align: center;\r\n}\r\n\r\n#slider-pro-3-1488 .title-in-bg {\r\n\tbackground: rgba(255, 255, 255, 0.7); !important;\r\n\twhite-space: unset !important;\r\n\ttransform: initial !important;\r\n\t-webkit-transform: initial !important;\r\n\tfont-size: 14px !important;\r\n}\r\n\r\n#slider-pro-3-1488 .desc-in {\r\n\tcolor: #FFFFFF !important;\r\n\ttext-align: center;\r\n}\r\n#slider-pro-3-1488 .desc-in-bg {\r\n\tbackground: rgba(#00000, 0.7) !important;\r\n\twhite-space: unset !important;\r\n\ttransform: initial !important;\r\n\t-webkit-transform: initial !important;\r\n\tfont-size: 13px !important;\r\n}\r\n\r\n@media (max-width: 640px) {\r\n\t#slider-pro-3-1488 .hide-small-screen {\r\n\t\tdisplay: none;\r\n\t}\r\n}\r\n\r\n@media (max-width: 860px) {\r\n\t#slider-pro-3-1488 .sp-layer {\r\n\t\tfont-size: 18px;\r\n\t}\r\n\t\r\n\t#slider-pro-3-1488 .hide-medium-screen {\r\n\t\tdisplay: none;\r\n\t}\r\n}\r\n.slides-not-found {\r\n\tbackground-color: #a92929;\r\n\tborder-radius: 5px;\r\n\tcolor: #fff;\r\n\tfont-family: initial;\r\n\ttext-align: center;\r\n\tpadding:12px;\r\n}\r\n\/* Custom CSS *\/\r\n<\/style>\r\n\n\n\n\n<p> W\u00fcnschen Sie eine individuelle Beratung? Kommen Sie doch einfach vorbei oder <a href=\"http:\/\/www.cafe-baer.de\/?page_id=1115\">kontaktieren<\/a> Sie uns.<\/p>\n","protected":false},"excerpt":{"rendered":"<p>F\u00fcr ein gem\u00fctliches Fr\u00fchst\u00fcck Zuhause bieten wir auf Vorbestellung unterschiedliche Fr\u00fchst\u00fccke an. W\u00fcnschen Sie eine individuelle Beratung? Kommen Sie doch einfach vorbei oder kontaktieren Sie uns.<\/p>\n","protected":false},"author":1,"featured_media":0,"parent":0,"menu_order":0,"comment_status":"closed","ping_status":"closed","template":"","meta":{"advgb_blocks_editor_width":"","advgb_blocks_columns_visual_guide":"","footnotes":""},"coauthors":[],"author_meta":{"author_link":"http:\/\/www.cafe-baer.de\/?author=1","display_name":"Niklas"},"relative_dates":{"created":"Posted 5\u00a0Jahren ago","modified":"Updated 5\u00a0Jahren ago"},"absolute_dates":{"created":"Posted on 19. April 2021","modified":"Updated on 19. April 2021"},"absolute_dates_time":{"created":"Posted on 19. April 2021 17:19","modified":"Updated on 19. April 2021 18:13"},"featured_img_caption":"","featured_img":false,"series_order":"","_links":{"self":[{"href":"http:\/\/www.cafe-baer.de\/index.php?rest_route=\/wp\/v2\/pages\/279"}],"collection":[{"href":"http:\/\/www.cafe-baer.de\/index.php?rest_route=\/wp\/v2\/pages"}],"about":[{"href":"http:\/\/www.cafe-baer.de\/index.php?rest_route=\/wp\/v2\/types\/page"}],"author":[{"embeddable":true,"href":"http:\/\/www.cafe-baer.de\/index.php?rest_route=\/wp\/v2\/users\/1"}],"replies":[{"embeddable":true,"href":"http:\/\/www.cafe-baer.de\/index.php?rest_route=%2Fwp%2Fv2%2Fcomments&post=279"}],"version-history":[{"count":6,"href":"http:\/\/www.cafe-baer.de\/index.php?rest_route=\/wp\/v2\/pages\/279\/revisions"}],"predecessor-version":[{"id":1553,"href":"http:\/\/www.cafe-baer.de\/index.php?rest_route=\/wp\/v2\/pages\/279\/revisions\/1553"}],"wp:attachment":[{"href":"http:\/\/www.cafe-baer.de\/index.php?rest_route=%2Fwp%2Fv2%2Fmedia&parent=279"}],"curies":[{"name":"wp","href":"https:\/\/api.w.org\/{rel}","templated":true}]}}