{"id":1115,"date":"2020-08-29T13:06:44","date_gmt":"2020-08-29T11:06:44","guid":{"rendered":"http:\/\/www.cafe-baer.de\/?page_id=1115"},"modified":"2020-08-29T13:10:10","modified_gmt":"2020-08-29T11:10:10","slug":"kontakt","status":"publish","type":"page","link":"https:\/\/www.cafe-baer.de\/?page_id=1115","title":{"rendered":"Kontakt"},"content":{"rendered":"\n<table class=\"wp-block-advgb-table advgb-table-frontend\"><tbody><tr><td><strong>Sie finden uns unter folgender Adresse<\/strong><br>Konditorei Caf\u00e9 B\u00e4r<br>N\u00fcrnbergerstra\u00dfe 17<br>91257 Pegnitz<br><br><strong>Email:<\/strong><br><a href=\"mailto:stoeber@cafe-baer.de\">stoeber@cafe-baer.de<\/a><br><br><strong>Telefon:<\/strong><br>09241 2052<\/td><\/tr><\/tbody><\/table>\n\n\n\n<div style=\"height:20px\" aria-hidden=\"true\" class=\"wp-block-spacer\"><\/div>\n\n\n\n<h2 class=\"wp-block-heading\">Anfahrt<\/h2>\n\n\n\n<figure><iframe loading=\"lazy\" src=\"https:\/\/www.google.com\/maps\/embed?pb=!1m18!1m12!1m3!1d2577.7567355784063!2d11.536435814940413!3d49.75302084525241!2m3!1f0!2f0!3f0!3m2!1i1024!2i768!4f13.1!3m3!1m2!1s0x47a1c095166d649f%3A0xaa20323d7d1f775!2zS29uZGl0b3JlaSBDYWbDqSBCw6Ry!5e0!3m2!1sde!2sde!4v1597831605435!5m2!1sde!2sde\" width=\"600\" height=\"450\" allowfullscreen=\"\"><\/iframe><\/figure>\n\n\n\n<div style=\"height:46px\" aria-hidden=\"true\" class=\"wp-block-spacer\"><\/div>\n","protected":false},"excerpt":{"rendered":"<p>Anfahrt<\/p>\n","protected":false},"author":1,"featured_media":0,"parent":0,"menu_order":0,"comment_status":"closed","ping_status":"closed","template":"","meta":{"advgb_blocks_editor_width":"","advgb_blocks_columns_visual_guide":"","footnotes":""},"coauthors":[],"author_meta":{"author_link":"https:\/\/www.cafe-baer.de\/?author=1","display_name":"Niklas"},"relative_dates":{"created":"Ver\u00f6ffentlicht 6\u00a0Jahren vor","modified":"Aktualisiert 6\u00a0Jahren vor"},"absolute_dates":{"created":"Ver\u00f6ffentlicht am 29. August 2020","modified":"Aktualisiert am 29. August 2020"},"absolute_dates_time":{"created":"Ver\u00f6ffentlicht am 29. August 2020 13:06","modified":"Aktualisiert am 29. August 2020 13:10"},"featured_img_caption":"","featured_img":false,"series_order":"","_links":{"self":[{"href":"https:\/\/www.cafe-baer.de\/index.php?rest_route=\/wp\/v2\/pages\/1115"}],"collection":[{"href":"https:\/\/www.cafe-baer.de\/index.php?rest_route=\/wp\/v2\/pages"}],"about":[{"href":"https:\/\/www.cafe-baer.de\/index.php?rest_route=\/wp\/v2\/types\/page"}],"author":[{"embeddable":true,"href":"https:\/\/www.cafe-baer.de\/index.php?rest_route=\/wp\/v2\/users\/1"}],"replies":[{"embeddable":true,"href":"https:\/\/www.cafe-baer.de\/index.php?rest_route=%2Fwp%2Fv2%2Fcomments&post=1115"}],"version-history":[{"count":2,"href":"https:\/\/www.cafe-baer.de\/index.php?rest_route=\/wp\/v2\/pages\/1115\/revisions"}],"predecessor-version":[{"id":1121,"href":"https:\/\/www.cafe-baer.de\/index.php?rest_route=\/wp\/v2\/pages\/1115\/revisions\/1121"}],"wp:attachment":[{"href":"https:\/\/www.cafe-baer.de\/index.php?rest_route=%2Fwp%2Fv2%2Fmedia&parent=1115"}],"curies":[{"name":"wp","href":"https:\/\/api.w.org\/{rel}","templated":true}]}}